{"id":72,"date":"2025-02-10T18:06:03","date_gmt":"2025-02-10T18:06:03","guid":{"rendered":"https:\/\/noma22.com\/about-us\/"},"modified":"2026-03-10T08:39:33","modified_gmt":"2026-03-10T08:39:33","slug":"o-nama","status":"publish","type":"page","link":"https:\/\/noma22.com\/de\/o-nama\/","title":{"rendered":"\u00dcber uns"},"content":{"rendered":"<div class=\"wp-block-uagb-container uagb-block-zva9qfpf alignfull uagb-is-root-container\">\n<div class=\"wp-block-uagb-container uagb-block-9ituvldk\">\n<div class=\"wp-block-uagb-advanced-heading uagb-block-c34334b7\"><h1 class=\"uagb-heading-text\">\u00dcber uns<\/h1><p class=\"uagb-desc-text\">Noma 22 je turisti\u010dka agencija koja svojim klijentima, osim usluga posredovanja u popunjavanju&nbsp;smje\u0161tajnih kapaciteta &#8211; bukiranje, pru\u017ea i usluge check- in i check- out gostiju, \u010di\u0161\u0107enje vila i bazena, komunikaciju s gostom, vo\u0111enje administrativnog dijela poslovanja sukladno Zakonima i pravilnicima, naplatu pologa u slu\u010daju \u0161tete, briga o posteljini. Sve ove usluge pru\u017eamo u paketu za ville i ku\u0107e za odmor na podru\u010dju \u0160ibensko &#8211; kninske \u017eupanije. Osim paketa usluga, mogu\u0107e je ugovoriti i samo bukiranje.&nbsp;<br>Wir sind eine familiengef\u00fchrte Agentur, k\u00fcmmern uns um unsere G\u00e4ste, begr\u00fc\u00dfen sie pers\u00f6nlich und stehen jederzeit zur Verf\u00fcgung.&nbsp;<br><br>Alle diese Dienstleistungen werden im Paket f\u00fcr Villen und Ferienh\u00e4user im Gebiet der \u0160ibenik-Knin-Grafschaft im \"Schl\u00fcsselfertig\"-System angeboten.<\/p><\/div>\n<\/div>\n\n\n\n<div class=\"wp-block-uagb-container uagb-block-agvmilcc\"><\/div>\n<\/div>\n\n\n\n<div class=\"wp-block-uagb-container uagb-block-ee8m2ila alignfull uagb-is-root-container\"><div class=\"uagb-container-inner-blocks-wrap\">\n<div class=\"wp-block-uagb-info-box uagb-block-ait6bof8 uagb-infobox__content-wrap  uagb-infobox-icon-above-title uagb-infobox-image-valign-top\"><div class=\"uagb-ifb-content\"><div class=\"uagb-ifb-title-wrap\"><h2 class=\"uagb-ifb-title\"><o-anim-count>98<\/o-anim-count>%<\/h2><\/div><p class=\"uagb-ifb-desc\">Zufriedene G\u00e4ste<\/p><\/div><\/div>\n\n\n\n<div class=\"wp-block-uagb-info-box uagb-block-7npboojl uagb-infobox__content-wrap  uagb-infobox-icon-above-title uagb-infobox-image-valign-top\"><div class=\"uagb-ifb-content\"><div class=\"uagb-ifb-title-wrap\"><h2 class=\"uagb-ifb-title\">15+<\/h2><\/div><p class=\"uagb-ifb-desc\">Jahre Erfahrung<\/p><\/div><\/div>\n\n\n\n<div class=\"wp-block-uagb-info-box uagb-block-jtefdd0p uagb-infobox__content-wrap  uagb-infobox-icon-above-title uagb-infobox-image-valign-top\"><div class=\"uagb-ifb-content\"><div class=\"uagb-ifb-title-wrap\"><h2 class=\"uagb-ifb-title\"><o-anim-count>12<\/o-anim-count><\/h2><\/div><p class=\"uagb-ifb-desc\">Unterkunftsobjekte<\/p><\/div><\/div>\n\n\n\n<div class=\"wp-block-uagb-info-box uagb-block-7ago1i2p uagb-infobox__content-wrap  uagb-infobox-icon-above-title uagb-infobox-image-valign-top\"><div class=\"uagb-ifb-content\"><div class=\"uagb-ifb-title-wrap\"><h2 class=\"uagb-ifb-title\"><o-anim-count>100<\/o-anim-count>%<\/h2><\/div><p class=\"uagb-ifb-desc\">Zufriedene Vermieter<\/p><\/div><\/div>\n<\/div><\/div>\n\n\n\n<div class=\"wp-block-uagb-container uagb-block-9cb62e5d alignfull uagb-is-root-container\"><div class=\"uagb-container-inner-blocks-wrap\">\n<div class=\"wp-block-uagb-advanced-heading uagb-block-2bd72371\"><h2 class=\"uagb-heading-text\">Wie wir unsere G\u00e4ste empfangen<\/h2><\/div>\n\n\n\t\t\t\t\t<div\n\t\t\t\t\t\tclass=\"wp-block-uagb-image-gallery uagb-block-ba2043d9\"\n\t\t\t\t\t\tstyle=\"\"\n\t\t\t\t\t>\n\t\t\t\t\t\t\t\t\t\t\t<div class=\"spectra-image-gallery spectra-image-gallery__layout--carousel\">\n\t\t\t\t\t\t\t\t<div class=\"uagb-slick-carousel uagb-block-ba2043d9\">\n\t\t\t\t\t\t\t\t\t\t\t\t<div class='spectra-image-gallery__media-wrapper' data-spectra-gallery-image-id='7921'>\n\t\t\t\t\t\t\t<div class=\"spectra-image-gallery__media spectra-image-gallery__media--carousel\">\n\t\t\t\t<picture>\n\t\t\t\t\t<source media=\"(min-width: 1024px)\" srcset=\"https:\/\/noma22.com\/wp-content\/uploads\/2025\/02\/Greeting-IV-scaled.jpg\">\n\t\t\t\t\t<source media=\"(min-width: 768px)\" srcset=\"https:\/\/noma22.com\/wp-content\/uploads\/2025\/02\/Greeting-IV-1024x769.jpg\">\n\t\t\t\t\t<img decoding=\"async\" class=\"spectra-image-gallery__media-thumbnail spectra-image-gallery__media-thumbnail--carousel\" src=\"https:\/\/noma22.com\/wp-content\/uploads\/2025\/02\/Greeting-IV-300x225.jpg\" alt=\"\" loading=\"lazy\" \/>\n\t\t\t\t<\/picture>\n\t\t\t\t<div class=\"spectra-image-gallery__media-thumbnail-blurrer\"><\/div>\n\t\t\t\t\t\t\t\t\t\t\t<div class=\"spectra-image-gallery__media-thumbnail-caption-wrapper spectra-image-gallery__media-thumbnail-caption-wrapper--overlay\"><\/div>\n\t\t\t\t\t\t\t\t<\/div>\n\t\t\t\t\t\t<\/div>\n\t\t\t\t\t\t<div class='spectra-image-gallery__media-wrapper' data-spectra-gallery-image-id='7919'>\n\t\t\t\t\t\t\t<div class=\"spectra-image-gallery__media spectra-image-gallery__media--carousel\">\n\t\t\t\t<picture>\n\t\t\t\t\t<source media=\"(min-width: 1024px)\" srcset=\"https:\/\/noma22.com\/wp-content\/uploads\/2025\/02\/Greeting-I-scaled.jpg\">\n\t\t\t\t\t<source media=\"(min-width: 768px)\" srcset=\"https:\/\/noma22.com\/wp-content\/uploads\/2025\/02\/Greeting-I-1024x768.jpg\">\n\t\t\t\t\t<img decoding=\"async\" class=\"spectra-image-gallery__media-thumbnail spectra-image-gallery__media-thumbnail--carousel\" src=\"https:\/\/noma22.com\/wp-content\/uploads\/2025\/02\/Greeting-I-300x225.jpg\" alt=\"\" loading=\"lazy\" \/>\n\t\t\t\t<\/picture>\n\t\t\t\t<div class=\"spectra-image-gallery__media-thumbnail-blurrer\"><\/div>\n\t\t\t\t\t\t\t\t\t\t\t<div class=\"spectra-image-gallery__media-thumbnail-caption-wrapper spectra-image-gallery__media-thumbnail-caption-wrapper--overlay\"><\/div>\n\t\t\t\t\t\t\t\t<\/div>\n\t\t\t\t\t\t<\/div>\n\t\t\t\t\t\t<div class='spectra-image-gallery__media-wrapper' data-spectra-gallery-image-id='7920'>\n\t\t\t\t\t\t\t<div class=\"spectra-image-gallery__media spectra-image-gallery__media--carousel\">\n\t\t\t\t<picture>\n\t\t\t\t\t<source media=\"(min-width: 1024px)\" srcset=\"https:\/\/noma22.com\/wp-content\/uploads\/2025\/02\/Greeting-V-scaled.jpg\">\n\t\t\t\t\t<source media=\"(min-width: 768px)\" srcset=\"https:\/\/noma22.com\/wp-content\/uploads\/2025\/02\/Greeting-V-1024x769.jpg\">\n\t\t\t\t\t<img decoding=\"async\" class=\"spectra-image-gallery__media-thumbnail spectra-image-gallery__media-thumbnail--carousel\" src=\"https:\/\/noma22.com\/wp-content\/uploads\/2025\/02\/Greeting-V-300x225.jpg\" alt=\"\" loading=\"lazy\" \/>\n\t\t\t\t<\/picture>\n\t\t\t\t<div class=\"spectra-image-gallery__media-thumbnail-blurrer\"><\/div>\n\t\t\t\t\t\t\t\t\t\t\t<div class=\"spectra-image-gallery__media-thumbnail-caption-wrapper spectra-image-gallery__media-thumbnail-caption-wrapper--overlay\"><\/div>\n\t\t\t\t\t\t\t\t<\/div>\n\t\t\t\t\t\t<\/div>\n\t\t\t\t\t\t\t\t\t\t\t<\/div>\n\t\t\t\t\t\t\t<\/div>\n\t\t\t\t\t\t\t\t\t\t\t<\/div>\n\t\t\t\t\t\t\t\t\t<\/div><\/div>\n\n\n\n<div class=\"wp-block-uagb-container uagb-layout-grid uagb-block-87cc6d26 alignfull uagb-is-root-container\"><div class=\"uagb-container-inner-blocks-wrap\">\n<div class=\"wp-block-uagb-advanced-heading uagb-block-a2a5f870\"><h2 class=\"uagb-heading-text\">Wie wir angefangen haben?<\/h2><\/div>\n\n\n\n<div class=\"wp-block-uagb-info-box uagb-block-cfc7c084 uagb-infobox__content-wrap  uagb-infobox-icon-above-title uagb-infobox-image-valign-top\"><div class=\"uagb-ifb-content\"><div class=\"uagb-ifb-title-wrap\"><div class=\"uagb-ifb-separator\"><\/div><\/div><p class=\"uagb-ifb-desc\">Als private Vermieter haben wir vor mehr als 10 Jahren G\u00e4ste beherbergt, denen unser Gesch\u00e4ftsansatz sehr gefiel. Diese gleichen G\u00e4ste erz\u00e4hlten uns sp\u00e4ter, dass sie eine Villa bauten und boten uns eine Zusammenarbeit an. Indem wir das Angebot annahmen, begannen wir unsere Reise im Bereich der Vermietung und Immobilienverwaltung. Seit zwei Jahren f\u00fchrt unsere Agentur unter einem anderen Namen und rechtlichen Rahmen ihr Gesch\u00e4ft.&nbsp;<br>Unsere zehnj\u00e4hrige Erfahrung in der Buchung und Verwaltung von Immobilien ist umfangreich. Der Markt, auf dem wir t\u00e4tig sind, ist lebendig, wandelbar und dynamisch. Im Einklang mit Ver\u00e4nderungen und Herausforderungen passen wir uns an, verfolgen Trends, Angebot und Nachfrage und schlagen unseren Kunden die besten Preis-Leistungs-Verh\u00e4ltnisse vor.&nbsp;<\/p><\/div><\/div>\n<\/div><\/div>\n\n\n\n<div class=\"wp-block-uagb-container uagb-layout-grid uagb-block-81ab785c alignfull uagb-is-root-container\"><div class=\"uagb-container-inner-blocks-wrap\">\n<div class=\"wp-block-uagb-advanced-heading uagb-block-68616b97\"><h2 class=\"uagb-heading-text\">Was wollen wir?<\/h2><\/div>\n\n\n\n<div class=\"wp-block-uagb-info-box uagb-block-58539b4f uagb-infobox__content-wrap  uagb-infobox-icon-above-title uagb-infobox-image-valign-top\"><div class=\"uagb-ifb-content\"><div class=\"uagb-ifb-title-wrap\"><div class=\"uagb-ifb-separator\"><\/div><\/div><p class=\"uagb-ifb-desc\">Da wir selbst reisen, verschiedene Orte besuchen und sehen, was auf dem Markt fehlt, m\u00f6chten wir unseren G\u00e4sten genau das bieten. Zuerst und vor allem empfangen wir jeden Gast pers\u00f6nlich, stellen ihm die Mikrolocation vor und geben Empfehlungen f\u00fcr den Besuch der sch\u00f6nsten nat\u00fcrlichen Ressourcen, versteckten Str\u00e4nde, ausgezeichneten Restaurants oder Einheimischen f\u00fcr m\u00f6gliche zus\u00e4tzliche Dienstleistungen. Unsere Besonderheit liegt darin, nur die Orte zu empfehlen, die wir selbst besucht haben. Nach unserer bisherigen Erfahrung und dem Feedback der G\u00e4ste wird dies von unseren G\u00e4sten sehr gesch\u00e4tzt. Unser Ziel ist es, dass sich jeder Gast wie zu Hause f\u00fchlt und wirklich willkommen ist. Andererseits sind auch die Besitzer von Villen mit unserem Ansatz zufrieden, wenn sie die Bewertungen lesen. Und das ist es, was wir als Vermittler anstreben und erreichen \u2013 die Zufriedenheit aller Beteiligten. Unser Ziel ist es, weiterhin Subjektivit\u00e4t, Zug\u00e4nglichkeit und Empathie gegen\u00fcber unseren G\u00e4sten zu bewahren.<\/p><\/div><\/div>\n<\/div><\/div>\n\n\n\n<div class=\"wp-block-uagb-container uagb-block-22aae675 alignfull uagb-is-root-container\"><div class=\"uagb-container-inner-blocks-wrap\">\n<div class=\"wp-block-uagb-info-box uagb-block-690eb9de uagb-infobox__content-wrap  uagb-infobox-icon-above-title uagb-infobox-image-valign-top\"><div class=\"uagb-ifb-content\"><div class=\"uagb-ifb-title-wrap\"><h2 class=\"uagb-ifb-title\">Haben Sie eine Immobilie, bei der Sie Hilfe ben\u00f6tigen?<\/h2><\/div><p class=\"uagb-ifb-desc\">Wir sind f\u00fcr Sie da. Wir bieten eine breite Palette an Dienstleistungen, die Ihren G\u00e4sten garantiert den besten Service bieten. <\/p><div class=\"uagb-ifb-button-wrapper wp-block-button\"><a href=\"https:\/\/noma22.com\/de\/kontakt\/\" class=\"uagb-infobox-cta-link wp-block-button__link\" target=\"_self\" rel=\"noopener noreferrer\" onclick=\"return true;\"><span class=\"uagb-inline-editing\">Kontaktieren Sie uns<\/span><\/a><\/div><\/div><\/div>\n<\/div><\/div>","protected":false},"excerpt":{"rendered":"<p>O nama Noma 22 je turisti\u010dka agencija koja svojim klijentima, osim usluga posredovanja u popunjavanju&nbsp;smje\u0161tajnih kapaciteta &#8211; bukiranje, pru\u017ea i usluge check- in i check- out gostiju, \u010di\u0161\u0107enje vila i bazena, komunikaciju s gostom, vo\u0111enje administrativnog dijela poslovanja sukladno Zakonima i pravilnicima, naplatu pologa u slu\u010daju \u0161tete, briga o posteljini. Sve ove usluge pru\u017eamo u [&hellip;]<\/p>","protected":false},"author":1,"featured_media":0,"parent":0,"menu_order":0,"comment_status":"closed","ping_status":"closed","template":"","meta":{"_uag_custom_page_level_css":"","site-sidebar-layout":"no-sidebar","site-content-layout":"page-builder","ast-site-content-layout":"full-width-container","site-content-style":"unboxed","site-sidebar-style":"unboxed","ast-global-header-display":"","ast-banner-title-visibility":"","ast-main-header-display":"","ast-hfb-above-header-display":"","ast-hfb-below-header-display":"","ast-hfb-mobile-header-display":"","site-post-title":"disabled","ast-breadcrumbs-content":"","ast-featured-img":"disabled","footer-sml-layout":"","ast-disable-related-posts":"","theme-transparent-header-meta":"","adv-header-id-meta":"","stick-header-meta":"","header-above-stick-meta":"","header-main-stick-meta":"","header-below-stick-meta":"","astra-migrate-meta-layouts":"set","ast-page-background-enabled":"default","ast-page-background-meta":{"desktop":{"background-color":"var(--ast-global-color-4)","background-image":"","background-repeat":"repeat","background-position":"center center","background-size":"auto","background-attachment":"scroll","background-type":"","background-media":"","overlay-type":"","overlay-color":"","overlay-opacity":"","overlay-gradient":""},"tablet":{"background-color":"","background-image":"","background-repeat":"repeat","background-position":"center center","background-size":"auto","background-attachment":"scroll","background-type":"","background-media":"","overlay-type":"","overlay-color":"","overlay-opacity":"","overlay-gradient":""},"mobile":{"background-color":"","background-image":"","background-repeat":"repeat","background-position":"center center","background-size":"auto","background-attachment":"scroll","background-type":"","background-media":"","overlay-type":"","overlay-color":"","overlay-opacity":"","overlay-gradient":""}},"ast-content-background-meta":{"desktop":{"background-color":"var(--ast-global-color-5)","background-image":"","background-repeat":"repeat","background-position":"center center","background-size":"auto","background-attachment":"scroll","background-type":"","background-media":"","overlay-type":"","overlay-color":"","overlay-opacity":"","overlay-gradient":""},"tablet":{"background-color":"var(--ast-global-color-5)","background-image":"","background-repeat":"repeat","background-position":"center center","background-size":"auto","background-attachment":"scroll","background-type":"","background-media":"","overlay-type":"","overlay-color":"","overlay-opacity":"","overlay-gradient":""},"mobile":{"background-color":"var(--ast-global-color-5)","background-image":"","background-repeat":"repeat","background-position":"center center","background-size":"auto","background-attachment":"scroll","background-type":"","background-media":"","overlay-type":"","overlay-color":"","overlay-opacity":"","overlay-gradient":""}},"_themeisle_gutenberg_block_has_review":false,"footnotes":""},"class_list":["post-72","page","type-page","status-publish","hentry"],"uagb_featured_image_src":{"full":false,"thumbnail":false,"medium":false,"medium_large":false,"large":false,"1536x1536":false,"2048x2048":false,"etm-custom-language-flag":false},"uagb_author_info":{"display_name":"creativahub","author_link":"https:\/\/noma22.com\/de\/author\/creativahub\/"},"uagb_comment_info":0,"uagb_excerpt":"O nama Noma 22 je turisti\u010dka agencija koja svojim klijentima, osim usluga posredovanja u popunjavanju&nbsp;smje\u0161tajnih kapaciteta &#8211; bukiranje, pru\u017ea i usluge check- in i check- out gostiju, \u010di\u0161\u0107enje vila i bazena, komunikaciju s gostom, vo\u0111enje administrativnog dijela poslovanja sukladno Zakonima i pravilnicima, naplatu pologa u slu\u010daju \u0161tete, briga o posteljini. Sve ove usluge pru\u017eamo u&hellip;","_links":{"self":[{"href":"https:\/\/noma22.com\/de\/wp-json\/wp\/v2\/pages\/72","targetHints":{"allow":["GET"]}}],"collection":[{"href":"https:\/\/noma22.com\/de\/wp-json\/wp\/v2\/pages"}],"about":[{"href":"https:\/\/noma22.com\/de\/wp-json\/wp\/v2\/types\/page"}],"author":[{"embeddable":true,"href":"https:\/\/noma22.com\/de\/wp-json\/wp\/v2\/users\/1"}],"replies":[{"embeddable":true,"href":"https:\/\/noma22.com\/de\/wp-json\/wp\/v2\/comments?post=72"}],"version-history":[{"count":18,"href":"https:\/\/noma22.com\/de\/wp-json\/wp\/v2\/pages\/72\/revisions"}],"predecessor-version":[{"id":9392,"href":"https:\/\/noma22.com\/de\/wp-json\/wp\/v2\/pages\/72\/revisions\/9392"}],"wp:attachment":[{"href":"https:\/\/noma22.com\/de\/wp-json\/wp\/v2\/media?parent=72"}],"curies":[{"name":"wp","href":"https:\/\/api.w.org\/{rel}","templated":true}]}}