{"id":72,"date":"2025-02-10T18:06:03","date_gmt":"2025-02-10T18:06:03","guid":{"rendered":"https:\/\/noma22.com\/about-us\/"},"modified":"2026-03-10T08:39:33","modified_gmt":"2026-03-10T08:39:33","slug":"o-nama","status":"publish","type":"page","link":"https:\/\/noma22.com\/en\/o-nama\/","title":{"rendered":"About us"},"content":{"rendered":"<div class=\"wp-block-uagb-container uagb-block-zva9qfpf alignfull uagb-is-root-container\">\n<div class=\"wp-block-uagb-container uagb-block-9ituvldk\">\n<div class=\"wp-block-uagb-advanced-heading uagb-block-c34334b7\"><h1 class=\"uagb-heading-text\">About us<\/h1><p class=\"uagb-desc-text\">Noma 22 je turisti\u010dka agencija koja svojim klijentima, osim usluga posredovanja u popunjavanju&nbsp;smje\u0161tajnih kapaciteta &#8211; bukiranje, pru\u017ea i usluge check- in i check- out gostiju, \u010di\u0161\u0107enje vila i bazena, komunikaciju s gostom, vo\u0111enje administrativnog dijela poslovanja sukladno Zakonima i pravilnicima, naplatu pologa u slu\u010daju \u0161tete, briga o posteljini. Sve ove usluge pru\u017eamo u paketu za ville i ku\u0107e za odmor na podru\u010dju \u0160ibensko &#8211; kninske \u017eupanije. Osim paketa usluga, mogu\u0107e je ugovoriti i samo bukiranje.&nbsp;<br>We are a family-run agency, taking care of our guests, personally welcoming them, and always being available to assist them.&nbsp;<br><br>All these services are provided in a package for villas and holiday homes in the \u0160ibenik-Knin County, on a \"turnkey\" basis.<\/p><\/div>\n<\/div>\n\n\n\n<div class=\"wp-block-uagb-container uagb-block-agvmilcc\"><\/div>\n<\/div>\n\n\n\n<div class=\"wp-block-uagb-container uagb-block-ee8m2ila alignfull uagb-is-root-container\"><div class=\"uagb-container-inner-blocks-wrap\">\n<div class=\"wp-block-uagb-info-box uagb-block-ait6bof8 uagb-infobox__content-wrap  uagb-infobox-icon-above-title uagb-infobox-image-valign-top\"><div class=\"uagb-ifb-content\"><div class=\"uagb-ifb-title-wrap\"><h2 class=\"uagb-ifb-title\"><o-anim-count>98<\/o-anim-count>%<\/h2><\/div><p class=\"uagb-ifb-desc\">Satisfied guests<\/p><\/div><\/div>\n\n\n\n<div class=\"wp-block-uagb-info-box uagb-block-7npboojl uagb-infobox__content-wrap  uagb-infobox-icon-above-title uagb-infobox-image-valign-top\"><div class=\"uagb-ifb-content\"><div class=\"uagb-ifb-title-wrap\"><h2 class=\"uagb-ifb-title\">15+<\/h2><\/div><p class=\"uagb-ifb-desc\">Years of experience<\/p><\/div><\/div>\n\n\n\n<div class=\"wp-block-uagb-info-box uagb-block-jtefdd0p uagb-infobox__content-wrap  uagb-infobox-icon-above-title uagb-infobox-image-valign-top\"><div class=\"uagb-ifb-content\"><div class=\"uagb-ifb-title-wrap\"><h2 class=\"uagb-ifb-title\"><o-anim-count>12<\/o-anim-count><\/h2><\/div><p class=\"uagb-ifb-desc\">Accommodation properties<\/p><\/div><\/div>\n\n\n\n<div class=\"wp-block-uagb-info-box uagb-block-7ago1i2p uagb-infobox__content-wrap  uagb-infobox-icon-above-title uagb-infobox-image-valign-top\"><div class=\"uagb-ifb-content\"><div class=\"uagb-ifb-title-wrap\"><h2 class=\"uagb-ifb-title\"><o-anim-count>100<\/o-anim-count>%<\/h2><\/div><p class=\"uagb-ifb-desc\">Satisfied property owners<\/p><\/div><\/div>\n<\/div><\/div>\n\n\n\n<div class=\"wp-block-uagb-container uagb-block-9cb62e5d alignfull uagb-is-root-container\"><div class=\"uagb-container-inner-blocks-wrap\">\n<div class=\"wp-block-uagb-advanced-heading uagb-block-2bd72371\"><h2 class=\"uagb-heading-text\">How we welcome our guests<\/h2><\/div>\n\n\n\t\t\t\t\t<div\n\t\t\t\t\t\tclass=\"wp-block-uagb-image-gallery uagb-block-ba2043d9\"\n\t\t\t\t\t\tstyle=\"\"\n\t\t\t\t\t>\n\t\t\t\t\t\t\t\t\t\t\t<div class=\"spectra-image-gallery spectra-image-gallery__layout--carousel\">\n\t\t\t\t\t\t\t\t<div class=\"uagb-slick-carousel uagb-block-ba2043d9\">\n\t\t\t\t\t\t\t\t\t\t\t\t<div class='spectra-image-gallery__media-wrapper' data-spectra-gallery-image-id='7921'>\n\t\t\t\t\t\t\t<div class=\"spectra-image-gallery__media spectra-image-gallery__media--carousel\">\n\t\t\t\t<picture>\n\t\t\t\t\t<source media=\"(min-width: 1024px)\" srcset=\"https:\/\/noma22.com\/wp-content\/uploads\/2025\/02\/Greeting-IV-scaled.jpg\">\n\t\t\t\t\t<source media=\"(min-width: 768px)\" srcset=\"https:\/\/noma22.com\/wp-content\/uploads\/2025\/02\/Greeting-IV-1024x769.jpg\">\n\t\t\t\t\t<img decoding=\"async\" class=\"spectra-image-gallery__media-thumbnail spectra-image-gallery__media-thumbnail--carousel\" src=\"https:\/\/noma22.com\/wp-content\/uploads\/2025\/02\/Greeting-IV-300x225.jpg\" alt=\"\" loading=\"lazy\" \/>\n\t\t\t\t<\/picture>\n\t\t\t\t<div class=\"spectra-image-gallery__media-thumbnail-blurrer\"><\/div>\n\t\t\t\t\t\t\t\t\t\t\t<div class=\"spectra-image-gallery__media-thumbnail-caption-wrapper spectra-image-gallery__media-thumbnail-caption-wrapper--overlay\"><\/div>\n\t\t\t\t\t\t\t\t<\/div>\n\t\t\t\t\t\t<\/div>\n\t\t\t\t\t\t<div class='spectra-image-gallery__media-wrapper' data-spectra-gallery-image-id='7919'>\n\t\t\t\t\t\t\t<div class=\"spectra-image-gallery__media spectra-image-gallery__media--carousel\">\n\t\t\t\t<picture>\n\t\t\t\t\t<source media=\"(min-width: 1024px)\" srcset=\"https:\/\/noma22.com\/wp-content\/uploads\/2025\/02\/Greeting-I-scaled.jpg\">\n\t\t\t\t\t<source media=\"(min-width: 768px)\" srcset=\"https:\/\/noma22.com\/wp-content\/uploads\/2025\/02\/Greeting-I-1024x768.jpg\">\n\t\t\t\t\t<img decoding=\"async\" class=\"spectra-image-gallery__media-thumbnail spectra-image-gallery__media-thumbnail--carousel\" src=\"https:\/\/noma22.com\/wp-content\/uploads\/2025\/02\/Greeting-I-300x225.jpg\" alt=\"\" loading=\"lazy\" \/>\n\t\t\t\t<\/picture>\n\t\t\t\t<div class=\"spectra-image-gallery__media-thumbnail-blurrer\"><\/div>\n\t\t\t\t\t\t\t\t\t\t\t<div class=\"spectra-image-gallery__media-thumbnail-caption-wrapper spectra-image-gallery__media-thumbnail-caption-wrapper--overlay\"><\/div>\n\t\t\t\t\t\t\t\t<\/div>\n\t\t\t\t\t\t<\/div>\n\t\t\t\t\t\t<div class='spectra-image-gallery__media-wrapper' data-spectra-gallery-image-id='7920'>\n\t\t\t\t\t\t\t<div class=\"spectra-image-gallery__media spectra-image-gallery__media--carousel\">\n\t\t\t\t<picture>\n\t\t\t\t\t<source media=\"(min-width: 1024px)\" srcset=\"https:\/\/noma22.com\/wp-content\/uploads\/2025\/02\/Greeting-V-scaled.jpg\">\n\t\t\t\t\t<source media=\"(min-width: 768px)\" srcset=\"https:\/\/noma22.com\/wp-content\/uploads\/2025\/02\/Greeting-V-1024x769.jpg\">\n\t\t\t\t\t<img decoding=\"async\" class=\"spectra-image-gallery__media-thumbnail spectra-image-gallery__media-thumbnail--carousel\" src=\"https:\/\/noma22.com\/wp-content\/uploads\/2025\/02\/Greeting-V-300x225.jpg\" alt=\"\" loading=\"lazy\" \/>\n\t\t\t\t<\/picture>\n\t\t\t\t<div class=\"spectra-image-gallery__media-thumbnail-blurrer\"><\/div>\n\t\t\t\t\t\t\t\t\t\t\t<div class=\"spectra-image-gallery__media-thumbnail-caption-wrapper spectra-image-gallery__media-thumbnail-caption-wrapper--overlay\"><\/div>\n\t\t\t\t\t\t\t\t<\/div>\n\t\t\t\t\t\t<\/div>\n\t\t\t\t\t\t\t\t\t\t\t<\/div>\n\t\t\t\t\t\t\t<\/div>\n\t\t\t\t\t\t\t\t\t\t\t<\/div>\n\t\t\t\t\t\t\t\t\t<\/div><\/div>\n\n\n\n<div class=\"wp-block-uagb-container uagb-layout-grid uagb-block-87cc6d26 alignfull uagb-is-root-container\"><div class=\"uagb-container-inner-blocks-wrap\">\n<div class=\"wp-block-uagb-advanced-heading uagb-block-a2a5f870\"><h2 class=\"uagb-heading-text\">How we started?<\/h2><\/div>\n\n\n\n<div class=\"wp-block-uagb-info-box uagb-block-cfc7c084 uagb-infobox__content-wrap  uagb-infobox-icon-above-title uagb-infobox-image-valign-top\"><div class=\"uagb-ifb-content\"><div class=\"uagb-ifb-title-wrap\"><div class=\"uagb-ifb-separator\"><\/div><\/div><p class=\"uagb-ifb-desc\">As private renters, more than 10 years ago, we hosted guests who really liked our approach to business. These very guests later revealed to us that they were building a villa and offered us a collaboration. Accepting the offer, we began our journey in rental &amp; property management. For the past two years, our agency has been operating under a different name and legal form.&nbsp;<br>Our ten years of experience in booking and property management is extensive. The market we operate in is lively, changeable, and dynamic. In line with changes and challenges, we adapt, follow trends, supply and demand, and propose the best price-to-quality ratios for our clients.&nbsp;<\/p><\/div><\/div>\n<\/div><\/div>\n\n\n\n<div class=\"wp-block-uagb-container uagb-layout-grid uagb-block-81ab785c alignfull uagb-is-root-container\"><div class=\"uagb-container-inner-blocks-wrap\">\n<div class=\"wp-block-uagb-advanced-heading uagb-block-68616b97\"><h2 class=\"uagb-heading-text\">What do we want?<\/h2><\/div>\n\n\n\n<div class=\"wp-block-uagb-info-box uagb-block-58539b4f uagb-infobox__content-wrap  uagb-infobox-icon-above-title uagb-infobox-image-valign-top\"><div class=\"uagb-ifb-content\"><div class=\"uagb-ifb-title-wrap\"><div class=\"uagb-ifb-separator\"><\/div><\/div><p class=\"uagb-ifb-desc\">Since we travel ourselves, visit various locations, and see what is missing in the market, we aim to provide that to our guests. First and foremost, we personally welcome each of our guests, introduce them to the micro-location, and offer recommendations for visiting the most beautiful natural resources, hidden beaches, excellent restaurants, or locals for possible additional services. Our uniqueness lies in recommending only those places we have personally visited. Based on our past experience and guest feedback, this is highly appreciated by our guests. Our goal is for every guest to feel at home and truly welcome. On the other hand, villa owners are also satisfied with our approach when they read the reviews. And that is what we strive for and achieve as intermediaries \u2013 the satisfaction of all parties involved. Our goal is to maintain subjectivity, approachability, and empathy towards our guests.<\/p><\/div><\/div>\n<\/div><\/div>\n\n\n\n<div class=\"wp-block-uagb-container uagb-block-22aae675 alignfull uagb-is-root-container\"><div class=\"uagb-container-inner-blocks-wrap\">\n<div class=\"wp-block-uagb-info-box uagb-block-690eb9de uagb-infobox__content-wrap  uagb-infobox-icon-above-title uagb-infobox-image-valign-top\"><div class=\"uagb-ifb-content\"><div class=\"uagb-ifb-title-wrap\"><h2 class=\"uagb-ifb-title\">Do you have a property that you need help with?<\/h2><\/div><p class=\"uagb-ifb-desc\">We are here for you. We offer a wide range of services that guarantee your guests the highest level of service. <\/p><div class=\"uagb-ifb-button-wrapper wp-block-button\"><a href=\"https:\/\/noma22.com\/en\/kontakt\/\" class=\"uagb-infobox-cta-link wp-block-button__link\" target=\"_self\" rel=\"noopener noreferrer\" onclick=\"return true;\"><span class=\"uagb-inline-editing\">Contact us<\/span><\/a><\/div><\/div><\/div>\n<\/div><\/div>","protected":false},"excerpt":{"rendered":"<p>O nama Noma 22 je turisti\u010dka agencija koja svojim klijentima, osim usluga posredovanja u popunjavanju&nbsp;smje\u0161tajnih kapaciteta &#8211; bukiranje, pru\u017ea i usluge check- in i check- out gostiju, \u010di\u0161\u0107enje vila i bazena, komunikaciju s gostom, vo\u0111enje administrativnog dijela poslovanja sukladno Zakonima i pravilnicima, naplatu pologa u slu\u010daju \u0161tete, briga o posteljini. Sve ove usluge pru\u017eamo u [&hellip;]<\/p>","protected":false},"author":1,"featured_media":0,"parent":0,"menu_order":0,"comment_status":"closed","ping_status":"closed","template":"","meta":{"_uag_custom_page_level_css":"","site-sidebar-layout":"no-sidebar","site-content-layout":"page-builder","ast-site-content-layout":"full-width-container","site-content-style":"unboxed","site-sidebar-style":"unboxed","ast-global-header-display":"","ast-banner-title-visibility":"","ast-main-header-display":"","ast-hfb-above-header-display":"","ast-hfb-below-header-display":"","ast-hfb-mobile-header-display":"","site-post-title":"disabled","ast-breadcrumbs-content":"","ast-featured-img":"disabled","footer-sml-layout":"","ast-disable-related-posts":"","theme-transparent-header-meta":"","adv-header-id-meta":"","stick-header-meta":"","header-above-stick-meta":"","header-main-stick-meta":"","header-below-stick-meta":"","astra-migrate-meta-layouts":"set","ast-page-background-enabled":"default","ast-page-background-meta":{"desktop":{"background-color":"var(--ast-global-color-4)","background-image":"","background-repeat":"repeat","background-position":"center center","background-size":"auto","background-attachment":"scroll","background-type":"","background-media":"","overlay-type":"","overlay-color":"","overlay-opacity":"","overlay-gradient":""},"tablet":{"background-color":"","background-image":"","background-repeat":"repeat","background-position":"center center","background-size":"auto","background-attachment":"scroll","background-type":"","background-media":"","overlay-type":"","overlay-color":"","overlay-opacity":"","overlay-gradient":""},"mobile":{"background-color":"","background-image":"","background-repeat":"repeat","background-position":"center center","background-size":"auto","background-attachment":"scroll","background-type":"","background-media":"","overlay-type":"","overlay-color":"","overlay-opacity":"","overlay-gradient":""}},"ast-content-background-meta":{"desktop":{"background-color":"var(--ast-global-color-5)","background-image":"","background-repeat":"repeat","background-position":"center center","background-size":"auto","background-attachment":"scroll","background-type":"","background-media":"","overlay-type":"","overlay-color":"","overlay-opacity":"","overlay-gradient":""},"tablet":{"background-color":"var(--ast-global-color-5)","background-image":"","background-repeat":"repeat","background-position":"center center","background-size":"auto","background-attachment":"scroll","background-type":"","background-media":"","overlay-type":"","overlay-color":"","overlay-opacity":"","overlay-gradient":""},"mobile":{"background-color":"var(--ast-global-color-5)","background-image":"","background-repeat":"repeat","background-position":"center center","background-size":"auto","background-attachment":"scroll","background-type":"","background-media":"","overlay-type":"","overlay-color":"","overlay-opacity":"","overlay-gradient":""}},"_themeisle_gutenberg_block_has_review":false,"footnotes":""},"class_list":["post-72","page","type-page","status-publish","hentry"],"uagb_featured_image_src":{"full":false,"thumbnail":false,"medium":false,"medium_large":false,"large":false,"1536x1536":false,"2048x2048":false,"etm-custom-language-flag":false},"uagb_author_info":{"display_name":"creativahub","author_link":"https:\/\/noma22.com\/en\/author\/creativahub\/"},"uagb_comment_info":0,"uagb_excerpt":"O nama Noma 22 je turisti\u010dka agencija koja svojim klijentima, osim usluga posredovanja u popunjavanju&nbsp;smje\u0161tajnih kapaciteta &#8211; bukiranje, pru\u017ea i usluge check- in i check- out gostiju, \u010di\u0161\u0107enje vila i bazena, komunikaciju s gostom, vo\u0111enje administrativnog dijela poslovanja sukladno Zakonima i pravilnicima, naplatu pologa u slu\u010daju \u0161tete, briga o posteljini. Sve ove usluge pru\u017eamo u&hellip;","_links":{"self":[{"href":"https:\/\/noma22.com\/en\/wp-json\/wp\/v2\/pages\/72","targetHints":{"allow":["GET"]}}],"collection":[{"href":"https:\/\/noma22.com\/en\/wp-json\/wp\/v2\/pages"}],"about":[{"href":"https:\/\/noma22.com\/en\/wp-json\/wp\/v2\/types\/page"}],"author":[{"embeddable":true,"href":"https:\/\/noma22.com\/en\/wp-json\/wp\/v2\/users\/1"}],"replies":[{"embeddable":true,"href":"https:\/\/noma22.com\/en\/wp-json\/wp\/v2\/comments?post=72"}],"version-history":[{"count":18,"href":"https:\/\/noma22.com\/en\/wp-json\/wp\/v2\/pages\/72\/revisions"}],"predecessor-version":[{"id":9392,"href":"https:\/\/noma22.com\/en\/wp-json\/wp\/v2\/pages\/72\/revisions\/9392"}],"wp:attachment":[{"href":"https:\/\/noma22.com\/en\/wp-json\/wp\/v2\/media?parent=72"}],"curies":[{"name":"wp","href":"https:\/\/api.w.org\/{rel}","templated":true}]}}